{"id":4357,"date":"2015-11-30T19:44:57","date_gmt":"2015-11-30T18:44:57","guid":{"rendered":"http:\/\/team-fackler.com\/?page_id=4357"},"modified":"2020-11-25T14:54:17","modified_gmt":"2020-11-25T13:54:17","slug":"produktsortiment","status":"publish","type":"page","link":"http:\/\/team-fackler.com\/index.php\/produktsortiment\/","title":{"rendered":"Produktsortiment"},"content":{"rendered":"<p><strong>Auf den folgenden Seiten m\u00f6chten wir Sie \u00fcber unser umfangreiches Produktsortiment informieren. Lassen Sie sich anhand unserer Bilder inspirieren. Durch klick auf die Bilder gelangen Sie zur jeweiligen Rubrik. Viel Spa\u00df beim St\u00f6bern.\u00a0<\/strong><\/p>\n<p>&nbsp;<\/p>\n<p><strong>Bitte w\u00e4hlen Sie zwischen<\/strong><\/p>\n<p>&nbsp;<\/p>\n<table>\n<tbody>\n<tr>\n<th style=\"text-align: center;\">K\u00fcchen nach Ma\u00df<\/th>\n<th style=\"text-align: center;\">M\u00f6belfertigung<\/th>\n<th style=\"text-align: center;\">B\u00e4der<\/th>\n<\/tr>\n<tr>\n<td><a href=\"http:\/\/team-fackler.com\/index.php\/produktsortiment\/kuechen-nach-mass\/\"><img loading=\"lazy\" class=\"alignnone wp-image-4700\" src=\"http:\/\/team-fackler.com\/wp-content\/uploads\/2020\/11\/IMG_1236-300x200.jpg\" alt=\"\" width=\"500\" height=\"333\" srcset=\"http:\/\/team-fackler.com\/wp-content\/uploads\/2020\/11\/IMG_1236-300x200.jpg 300w, http:\/\/team-fackler.com\/wp-content\/uploads\/2020\/11\/IMG_1236-1024x683.jpg 1024w, http:\/\/team-fackler.com\/wp-content\/uploads\/2020\/11\/IMG_1236-768x512.jpg 768w, http:\/\/team-fackler.com\/wp-content\/uploads\/2020\/11\/IMG_1236-1536x1024.jpg 1536w, http:\/\/team-fackler.com\/wp-content\/uploads\/2020\/11\/IMG_1236-2048x1365.jpg 2048w, http:\/\/team-fackler.com\/wp-content\/uploads\/2020\/11\/IMG_1236-1620x1080.jpg 1620w\" sizes=\"(max-width: 500px) 100vw, 500px\" \/><\/a><\/td>\n<td><a href=\"http:\/\/team-fackler.com\/index.php\/produktsortiment\/moebelfertigung\/\"><img loading=\"lazy\" class=\"aligncenter wp-image-4707\" src=\"http:\/\/team-fackler.com\/wp-content\/uploads\/2020\/11\/AM_Pos11-300x200.jpg\" alt=\"\" width=\"500\" height=\"334\" srcset=\"http:\/\/team-fackler.com\/wp-content\/uploads\/2020\/11\/AM_Pos11-300x200.jpg 300w, http:\/\/team-fackler.com\/wp-content\/uploads\/2020\/11\/AM_Pos11-1024x683.jpg 1024w, http:\/\/team-fackler.com\/wp-content\/uploads\/2020\/11\/AM_Pos11-768x512.jpg 768w, http:\/\/team-fackler.com\/wp-content\/uploads\/2020\/11\/AM_Pos11-1536x1025.jpg 1536w, http:\/\/team-fackler.com\/wp-content\/uploads\/2020\/11\/AM_Pos11-1619x1080.jpg 1619w, http:\/\/team-fackler.com\/wp-content\/uploads\/2020\/11\/AM_Pos11.jpg 2000w\" sizes=\"(max-width: 500px) 100vw, 500px\" \/><\/a><\/td>\n<td><a href=\"http:\/\/team-fackler.com\/index.php\/produktsortiment\/baeder\/\"><img loading=\"lazy\" class=\"aligncenter wp-image-4710\" src=\"http:\/\/team-fackler.com\/wp-content\/uploads\/2020\/11\/1-300x200.jpg\" alt=\"\" width=\"500\" height=\"333\" srcset=\"http:\/\/team-fackler.com\/wp-content\/uploads\/2020\/11\/1-300x200.jpg 300w, http:\/\/team-fackler.com\/wp-content\/uploads\/2020\/11\/1-1024x682.jpg 1024w, http:\/\/team-fackler.com\/wp-content\/uploads\/2020\/11\/1-768x512.jpg 768w, http:\/\/team-fackler.com\/wp-content\/uploads\/2020\/11\/1-1536x1023.jpg 1536w, http:\/\/team-fackler.com\/wp-content\/uploads\/2020\/11\/1-2048x1364.jpg 2048w, http:\/\/team-fackler.com\/wp-content\/uploads\/2020\/11\/1-1621x1080.jpg 1621w\" sizes=\"(max-width: 500px) 100vw, 500px\" \/><\/a><\/td>\n<\/tr>\n<\/tbody>\n<\/table>\n<p>&nbsp;<\/p>\n<table>\n<tbody>\n<tr>\n<th style=\"text-align: center;\">Fenster und T\u00fcren<\/th>\n<th style=\"text-align: center;\">Treppen<\/th>\n<th style=\"text-align: center;\">Sonstiges<\/th>\n<\/tr>\n<tr>\n<td><a href=\"http:\/\/team-fackler.com\/index.php\/produktsortiment\/fenster-und-tueren\/\"><img loading=\"lazy\" class=\"aligncenter wp-image-4711\" src=\"http:\/\/team-fackler.com\/wp-content\/uploads\/2020\/11\/iStock-496972005-300x200.jpg\" alt=\"\" width=\"500\" height=\"333\" srcset=\"http:\/\/team-fackler.com\/wp-content\/uploads\/2020\/11\/iStock-496972005-300x200.jpg 300w, http:\/\/team-fackler.com\/wp-content\/uploads\/2020\/11\/iStock-496972005-1024x682.jpg 1024w, http:\/\/team-fackler.com\/wp-content\/uploads\/2020\/11\/iStock-496972005-768x511.jpg 768w, http:\/\/team-fackler.com\/wp-content\/uploads\/2020\/11\/iStock-496972005-1536x1022.jpg 1536w, http:\/\/team-fackler.com\/wp-content\/uploads\/2020\/11\/iStock-496972005-2048x1363.jpg 2048w, http:\/\/team-fackler.com\/wp-content\/uploads\/2020\/11\/iStock-496972005-1623x1080.jpg 1623w\" sizes=\"(max-width: 500px) 100vw, 500px\" \/><\/a><\/td>\n<td><img loading=\"lazy\" class=\"aligncenter wp-image-4713\" src=\"http:\/\/team-fackler.com\/wp-content\/uploads\/2020\/11\/IMG_0869-300x198.jpg\" alt=\"\" width=\"502\" height=\"331\" srcset=\"http:\/\/team-fackler.com\/wp-content\/uploads\/2020\/11\/IMG_0869-300x198.jpg 300w, http:\/\/team-fackler.com\/wp-content\/uploads\/2020\/11\/IMG_0869-1024x676.jpg 1024w, http:\/\/team-fackler.com\/wp-content\/uploads\/2020\/11\/IMG_0869-768x507.jpg 768w, http:\/\/team-fackler.com\/wp-content\/uploads\/2020\/11\/IMG_0869-1536x1014.jpg 1536w, http:\/\/team-fackler.com\/wp-content\/uploads\/2020\/11\/IMG_0869-2048x1351.jpg 2048w, http:\/\/team-fackler.com\/wp-content\/uploads\/2020\/11\/IMG_0869-1637x1080.jpg 1637w\" sizes=\"(max-width: 502px) 100vw, 502px\" \/><\/td>\n<td><a href=\"http:\/\/team-fackler.com\/index.php\/produktsortiment\/sonstiges\/\"><img loading=\"lazy\" class=\"aligncenter wp-image-4714\" src=\"http:\/\/team-fackler.com\/wp-content\/uploads\/2020\/11\/Ankleid6-300x200.png\" alt=\"\" width=\"500\" height=\"333\" srcset=\"http:\/\/team-fackler.com\/wp-content\/uploads\/2020\/11\/Ankleid6-300x200.png 300w, http:\/\/team-fackler.com\/wp-content\/uploads\/2020\/11\/Ankleid6-1024x682.png 1024w, http:\/\/team-fackler.com\/wp-content\/uploads\/2020\/11\/Ankleid6-768x511.png 768w, http:\/\/team-fackler.com\/wp-content\/uploads\/2020\/11\/Ankleid6.png 1313w\" sizes=\"(max-width: 500px) 100vw, 500px\" \/><\/a><\/td>\n<\/tr>\n<\/tbody>\n<\/table>\n<p>&nbsp;<\/p>\n","protected":false},"excerpt":{"rendered":"<p>Auf den folgenden Seiten m\u00f6chten wir Sie \u00fcber unser umfangreiches Produktsortiment informieren. Lassen Sie sich anhand unserer Bilder inspirieren. Durch klick auf die Bilder gelangen Sie zur jeweiligen Rubrik. Viel Spa\u00df beim St\u00f6bern.\u00a0 &nbsp; Bitte w\u00e4hlen Sie zwischen &nbsp; K\u00fcchen nach Ma\u00df M\u00f6belfertigung B\u00e4der &nbsp; Fenster und T\u00fcren Treppen Sonstiges &nbsp;<\/p>\n","protected":false},"author":3,"featured_media":0,"parent":0,"menu_order":3,"comment_status":"closed","ping_status":"closed","template":"","meta":{"spay_email":""},"_links":{"self":[{"href":"http:\/\/team-fackler.com\/index.php\/wp-json\/wp\/v2\/pages\/4357"}],"collection":[{"href":"http:\/\/team-fackler.com\/index.php\/wp-json\/wp\/v2\/pages"}],"about":[{"href":"http:\/\/team-fackler.com\/index.php\/wp-json\/wp\/v2\/types\/page"}],"author":[{"embeddable":true,"href":"http:\/\/team-fackler.com\/index.php\/wp-json\/wp\/v2\/users\/3"}],"replies":[{"embeddable":true,"href":"http:\/\/team-fackler.com\/index.php\/wp-json\/wp\/v2\/comments?post=4357"}],"version-history":[{"count":18,"href":"http:\/\/team-fackler.com\/index.php\/wp-json\/wp\/v2\/pages\/4357\/revisions"}],"predecessor-version":[{"id":4716,"href":"http:\/\/team-fackler.com\/index.php\/wp-json\/wp\/v2\/pages\/4357\/revisions\/4716"}],"wp:attachment":[{"href":"http:\/\/team-fackler.com\/index.php\/wp-json\/wp\/v2\/media?parent=4357"}],"curies":[{"name":"wp","href":"https:\/\/api.w.org\/{rel}","templated":true}]}}