{"id":4360,"date":"2015-11-30T20:34:52","date_gmt":"2015-11-30T19:34:52","guid":{"rendered":"http:\/\/team-fackler.com\/?page_id=4360"},"modified":"2020-11-25T16:41:49","modified_gmt":"2020-11-25T15:41:49","slug":"impressum","status":"publish","type":"page","link":"http:\/\/team-fackler.com\/index.php\/unternehmen\/impressum\/","title":{"rendered":"Impressum"},"content":{"rendered":"<h2>Angaben gem\u00e4\u00df \u00a7 5 TMG<\/h2>\n<p>Schreinerei Fackler<br \/>\nRainer Fackler<br \/>\nVitusplatz 2<br \/>\n86650 Amerbach<\/p>\n<h2>Kontakt<\/h2>\n<p>Telefon: 090929664723<br \/>\nE-Mail: info@team-fackler.com<\/p>\n<h2>Umsatzsteuer-ID<\/h2>\n<p>Umsatzsteuer-Identifikationsnummer gem\u00e4\u00df \u00a7 27 a Umsatzsteuergesetz:<br \/>\n111\/216\/01909<\/p>\n<h2>Berufsbezeichnung und berufsrechtliche Regelungen<\/h2>\n<p>Berufsbezeichnung: Schreinermeister<br \/>\nZust\u00e4ndige Kammer:<br \/>\nVerliehen in: Deutschland<br \/>\nEs gelten folgende berufsrechtliche Regelungen:<br \/>\nRegelungen einsehbar unter: <a href=\"http:\/\/\" target=\"_blank\" rel=\"noopener noreferrer\">http:\/\/<\/a><\/p>\n<h2>Redaktionell Verantwortlicher<\/h2>\n<p>Schreinerei Fackler<br \/>\nRainer Fackler<br \/>\nVitusplatz 2<br \/>\n86650 Amerbach<\/p>\n<h2>EU-Streitschlichtung<\/h2>\n<p>Die Europ\u00e4ische Kommission stellt eine Plattform zur Online-Streitbeilegung (OS) bereit: <a href=\"https:\/\/ec.europa.eu\/consumers\/odr\" target=\"_blank\" rel=\"noopener noreferrer\">https:\/\/ec.europa.eu\/consumers\/odr<\/a>.<br \/>\nUnsere E-Mail-Adresse finden Sie oben im Impressum.<\/p>\n<h2>Verbraucher\u00adstreit\u00adbeilegung\/Universal\u00adschlichtungs\u00adstelle<\/h2>\n<p>Wir sind nicht bereit oder verpflichtet, an Streitbeilegungsverfahren vor einer Verbraucherschlichtungsstelle teilzunehmen.<\/p>\n<h3>Haftung f\u00fcr Inhalte<\/h3>\n<p>Als Diensteanbieter sind wir gem\u00e4\u00df \u00a7 7 Abs.1 TMG f\u00fcr eigene Inhalte auf diesen Seiten nach den allgemeinen Gesetzen verantwortlich. Nach \u00a7\u00a7 8 bis 10 TMG sind wir als Diensteanbieter jedoch nicht verpflichtet, \u00fcbermittelte oder gespeicherte fremde Informationen zu \u00fcberwachen oder nach Umst\u00e4nden zu forschen, die auf eine rechtswidrige T\u00e4tigkeit hinweisen.<\/p>\n<p>Verpflichtungen zur Entfernung oder Sperrung der Nutzung von Informationen nach den allgemeinen Gesetzen bleiben hiervon unber\u00fchrt. Eine diesbez\u00fcgliche Haftung ist jedoch erst ab dem Zeitpunkt der Kenntnis einer konkreten Rechtsverletzung m\u00f6glich. Bei Bekanntwerden von entsprechenden Rechtsverletzungen werden wir diese Inhalte umgehend entfernen.<\/p>\n<h3>Haftung f\u00fcr Links<\/h3>\n<p>Unser Angebot enth\u00e4lt Links zu externen Websites Dritter, auf deren Inhalte wir keinen Einfluss haben. Deshalb k\u00f6nnen wir f\u00fcr diese fremden Inhalte auch keine Gew\u00e4hr \u00fcbernehmen. F\u00fcr die Inhalte der verlinkten Seiten ist stets der jeweilige Anbieter oder Betreiber der Seiten verantwortlich. Die verlinkten Seiten wurden zum Zeitpunkt der Verlinkung auf m\u00f6gliche Rechtsverst\u00f6\u00dfe \u00fcberpr\u00fcft. Rechtswidrige Inhalte waren zum Zeitpunkt der Verlinkung nicht erkennbar.<\/p>\n<p>Eine permanente inhaltliche Kontrolle der verlinkten Seiten ist jedoch ohne konkrete Anhaltspunkte einer Rechtsverletzung nicht zumutbar. Bei Bekanntwerden von Rechtsverletzungen werden wir derartige Links umgehend entfernen.<\/p>\n<h3>Urheberrecht<\/h3>\n<p>Die durch die Seitenbetreiber erstellten Inhalte und Werke auf diesen Seiten unterliegen dem deutschen Urheberrecht. Die Vervielf\u00e4ltigung, Bearbeitung, Verbreitung und jede Art der Verwertung au\u00dferhalb der Grenzen des Urheberrechtes bed\u00fcrfen der schriftlichen Zustimmung des jeweiligen Autors bzw. Erstellers. Downloads und Kopien dieser Seite sind nur f\u00fcr den privaten, nicht kommerziellen Gebrauch gestattet.<\/p>\n<p>Soweit die Inhalte auf dieser Seite nicht vom Betreiber erstellt wurden, werden die Urheberrechte Dritter beachtet. Insbesondere werden Inhalte Dritter als solche gekennzeichnet. Sollten Sie trotzdem auf eine Urheberrechtsverletzung aufmerksam werden, bitten wir um einen entsprechenden Hinweis. Bei Bekanntwerden von Rechtsverletzungen werden wir derartige Inhalte umgehend entfernen.<\/p>\n<p>Quelle: <a href=\"https:\/\/www.e-recht24.de\">eRecht24<\/a><\/p>\n","protected":false},"excerpt":{"rendered":"<p>Angaben gem\u00e4\u00df \u00a7 5 TMG Schreinerei Fackler Rainer Fackler Vitusplatz 2 86650 Amerbach Kontakt Telefon: 090929664723 E-Mail: info@team-fackler.com Umsatzsteuer-ID Umsatzsteuer-Identifikationsnummer gem\u00e4\u00df \u00a7 27 a Umsatzsteuergesetz: 111\/216\/01909 Berufsbezeichnung und berufsrechtliche Regelungen Berufsbezeichnung: Schreinermeister Zust\u00e4ndige Kammer: Verliehen in: Deutschland Es gelten folgende berufsrechtliche Regelungen: Regelungen einsehbar unter: http:\/\/ Redaktionell Verantwortlicher Schreinerei Fackler Rainer Fackler Vitusplatz 2 86650&hellip; <br \/> <a class=\"read-more\" href=\"http:\/\/team-fackler.com\/index.php\/unternehmen\/impressum\/\">Weiterlesen<\/a><\/p>\n","protected":false},"author":3,"featured_media":0,"parent":4346,"menu_order":4,"comment_status":"closed","ping_status":"closed","template":"","meta":{"spay_email":""},"_links":{"self":[{"href":"http:\/\/team-fackler.com\/index.php\/wp-json\/wp\/v2\/pages\/4360"}],"collection":[{"href":"http:\/\/team-fackler.com\/index.php\/wp-json\/wp\/v2\/pages"}],"about":[{"href":"http:\/\/team-fackler.com\/index.php\/wp-json\/wp\/v2\/types\/page"}],"author":[{"embeddable":true,"href":"http:\/\/team-fackler.com\/index.php\/wp-json\/wp\/v2\/users\/3"}],"replies":[{"embeddable":true,"href":"http:\/\/team-fackler.com\/index.php\/wp-json\/wp\/v2\/comments?post=4360"}],"version-history":[{"count":7,"href":"http:\/\/team-fackler.com\/index.php\/wp-json\/wp\/v2\/pages\/4360\/revisions"}],"predecessor-version":[{"id":4731,"href":"http:\/\/team-fackler.com\/index.php\/wp-json\/wp\/v2\/pages\/4360\/revisions\/4731"}],"up":[{"embeddable":true,"href":"http:\/\/team-fackler.com\/index.php\/wp-json\/wp\/v2\/pages\/4346"}],"wp:attachment":[{"href":"http:\/\/team-fackler.com\/index.php\/wp-json\/wp\/v2\/media?parent=4360"}],"curies":[{"name":"wp","href":"https:\/\/api.w.org\/{rel}","templated":true}]}}